{"id":32,"date":"2023-01-12T06:48:06","date_gmt":"2023-01-12T06:48:06","guid":{"rendered":"https:\/\/cbtaptemyn.com\/index.php\/blog\/"},"modified":"2023-05-19T03:48:31","modified_gmt":"2023-05-19T03:48:31","slug":"blog","status":"publish","type":"page","link":"https:\/\/cbtaptemyn.com\/index.php\/blog\/","title":{"rendered":"Blog"},"content":{"rendered":"\t\t<div data-elementor-type=\"wp-page\" data-elementor-id=\"32\" class=\"elementor elementor-32\">\n\t\t\t\t\t\t\t\t\t<section class=\"elementor-section elementor-top-section elementor-element elementor-element-588f3413d242f elementor-section-boxed elementor-section-height-default elementor-section-height-default\" data-id=\"588f3413d242f\" data-element_type=\"section\">\n\t\t\t\t\t\t<div class=\"elementor-container elementor-column-gap-default\">\n\t\t\t\t\t<div class=\"elementor-column elementor-col-66 elementor-top-column elementor-element elementor-element-36efb5f\" data-id=\"36efb5f\" data-element_type=\"column\">\n\t\t\t<div class=\"elementor-widget-wrap elementor-element-populated\">\n\t\t\t\t\t\t\t\t<div class=\"elementor-element elementor-element-cc345d6 title-two-line title_hover_border_enable tpg-is-author-icon-default section-title-style-default tpg-img-160 meta-visibility-show title_position_default img_hover_animation_default meta_position_default author-image-visibility-icon tpg-category-position-default grid-hover-overlay-type-always tpg-el-box-border-enable tpg-border-bottom-disable elementor-widget elementor-widget-tpg-grid-layout\" data-id=\"cc345d6\" data-element_type=\"widget\" data-widget_type=\"tpg-grid-layout.default\">\n\t\t\t\t<div class=\"elementor-widget-container\">\n\t\t\t        <div class=\"rt-container-fluid rt-tpg-container tpg-el-main-wrapper clearfix grid-layout4-main\"\r\n             id=\"rt-tpg-container-1411964851\"\r\n             data-layout=\"grid-layout4\"\r\n             data-grid-style=\"tpg-full-height\"\r\n             data-sc-id=\"elementor\"\r\n             data-el-settings=''\r\n             data-el-query=''\r\n             data-el-path=''\r\n        >\r\n\r\n\t\t\t<div class='tpg-header-wrapper '>\r\n        <div class=\"tpg-widget-heading-wrapper rt-clear heading-default \">\r\n            <span class=\"tpg-widget-heading-line line-left\"><\/span>\r\n\r\n\t\t\t<h2 class='tpg-widget-heading'>\r\n\t\t\t\r\n\t\t\t\t                    <span>\r\n                        \u00daltimas entradas                    <\/span>\r\n\t\t\t\t\t\r\n\t\t\t\t\t\t\t<\/h2>            <span class=\"tpg-widget-heading-line line-right\"><\/span>\r\n\r\n\t\t\t\r\n        <\/div>\r\n\r\n\t\t\r\n\t\t<\/div>\r\n            <div data-title=\"Loading ...\" class=\"rt-row rt-content-loader grid-layout4 grid-behaviour tpg-full-height grid_layout_wrapper\">\r\n\t\t\t\t\r\n<div class=\"rt-col-md-4 rt-col-sm-6 rt-col-xs-12 default rt-grid-item\" data-id=\"1936\">\r\n\t<div class=\"rt-holder tpg-post-holder\">\r\n\t\t<div class=\"rt-detail rt-el-content-wrapper\">\r\n\t\t\t\t\t\t\t<div class=\"rt-img-holder tpg-el-image-wrap has-thumbnail\">\r\n\t\t\t\t\t<a data-id=\"1936\" href=\"https:\/\/cbtaptemyn.com\/index.php\/2023\/05\/19\/indicadores-para-los-hijos-de-empresarios-en-el-control-rapido-del-negocio\/\" class=\"tpg-post-link\" target=\"_self\">                        <img decoding=\"async\" loading=\"lazy\" src=\"https:\/\/cbtaptemyn.com\/wp-content\/uploads\/2023\/05\/Indi1.jpg\"\r\n                             class=\"rt-img-responsive\"\r\n                             width=\"400\"\r\n                             height=\"335\"\r\n                             alt=\"INDICADORES PARA LOS HIJOS DE EMPRESARIOS, EN EL CONTROL R\u00c1PIDO DEL NEGOCIO\">\r\n\t\t\t\t\t\t\r\n\t\t\t\t\t\t\t\r\n\t\t<\/a>\r\n\t\t        <div class=\"overlay grid-hover-content\"><\/div>\r\n\t\t\t\t\t\t<\/div>\r\n\t\t\t\r\n\t\t\t<div class=\"entry-title-wrapper\">        <div class=\"tpg-separate-category style1 top_left cat-above-title\">\r\n\t\t\t<span class='categories-links'>\r\n\t\t\t\t\t\t<a class=\"capacitacion\" href=\"https:\/\/cbtaptemyn.com\/index.php\/category\/capacitacion\/\">Capacitaci\u00f3n<\/a>\t\t\t<\/span>\r\n        <\/div>\r\n\t\t<h3 class=\"entry-title\"><a data-id=\"1936\" href=\"https:\/\/cbtaptemyn.com\/index.php\/2023\/05\/19\/indicadores-para-los-hijos-de-empresarios-en-el-control-rapido-del-negocio\/\" class=\"tpg-post-link\" target=\"_self\">INDICADORES PARA LOS HIJOS DE EMPRESARIOS, EN EL CONTROL R\u00c1PIDO DEL NEGOCIO<\/a><\/h3><\/div>\r\n\t\t\t\t\t\t\t<div class=\"post-meta-tags rt-el-post-meta\">\r\n\t\t\t\t\t            <span class='author '>\r\n\r\n\t\t\t\t<i class='flaticon-tpg-user '><\/i><span class='author-prefix'>By<\/span><a href=\"https:\/\/cbtaptemyn.com\/index.php\/author\/cbtap\/\">CBTAP<\/a>\t\t\t<\/span>\r\n\t\t\t            <span class='date'>\r\n\r\n\t\t\t\t<i class='flaticon-tpg-calendar '><\/i>\t\t\t\t<a href=\"https:\/\/cbtaptemyn.com\/index.php\/2023\/05\/19\/\">\r\n\t\t\t\t\tmayo 19, 2023\t\t\t\t<\/a>\r\n\t\t\t<\/span>\r\n\t\t\t            <span class='categories-links'>\r\n\t\t\t\t<i class='flaticon-tpg-folder '><\/i><a class=\"capacitacion\" href=\"https:\/\/cbtaptemyn.com\/index.php\/category\/capacitacion\/\">Capacitaci\u00f3n<\/a>\r\n\t\t\t<\/span>\r\n\t\t\t\t\t\t\t<\/div>\r\n\t\t\t\r\n\t\t\t\r\n\t\t\t\t\t<\/div>\r\n\t<\/div>\r\n<\/div>\r\n\r\n<div class=\"rt-col-md-4 rt-col-sm-6 rt-col-xs-12 default rt-grid-item\" data-id=\"1930\">\r\n\t<div class=\"rt-holder tpg-post-holder\">\r\n\t\t<div class=\"rt-detail rt-el-content-wrapper\">\r\n\t\t\t\t\t\t\t<div class=\"rt-img-holder tpg-el-image-wrap has-thumbnail\">\r\n\t\t\t\t\t<a data-id=\"1930\" href=\"https:\/\/cbtaptemyn.com\/index.php\/2023\/05\/19\/ya-tenemos-la-moda-y-ahora-como-la-debemos-producir\/\" class=\"tpg-post-link\" target=\"_self\">                        <img decoding=\"async\" loading=\"lazy\" src=\"https:\/\/cbtaptemyn.com\/wp-content\/uploads\/2023\/05\/Producir1.jpg\"\r\n                             class=\"rt-img-responsive\"\r\n                             width=\"400\"\r\n                             height=\"446\"\r\n                             alt=\"Ya tenemos la Moda, y ahora \u00bfc\u00f3mo la debemos producir?\">\r\n\t\t\t\t\t\t\r\n\t\t\t\t\t\t\t\r\n\t\t<\/a>\r\n\t\t        <div class=\"overlay grid-hover-content\"><\/div>\r\n\t\t\t\t\t\t<\/div>\r\n\t\t\t\r\n\t\t\t<div class=\"entry-title-wrapper\">        <div class=\"tpg-separate-category style1 top_left cat-above-title\">\r\n\t\t\t<span class='categories-links'>\r\n\t\t\t\t\t\t<a class=\"capacitacion\" href=\"https:\/\/cbtaptemyn.com\/index.php\/category\/capacitacion\/\">Capacitaci\u00f3n<\/a>\t\t\t<\/span>\r\n        <\/div>\r\n\t\t<h3 class=\"entry-title\"><a data-id=\"1930\" href=\"https:\/\/cbtaptemyn.com\/index.php\/2023\/05\/19\/ya-tenemos-la-moda-y-ahora-como-la-debemos-producir\/\" class=\"tpg-post-link\" target=\"_self\">Ya tenemos la Moda, y ahora \u00bfc\u00f3mo la debemos producir?<\/a><\/h3><\/div>\r\n\t\t\t\t\t\t\t<div class=\"post-meta-tags rt-el-post-meta\">\r\n\t\t\t\t\t            <span class='author '>\r\n\r\n\t\t\t\t<i class='flaticon-tpg-user '><\/i><span class='author-prefix'>By<\/span><a href=\"https:\/\/cbtaptemyn.com\/index.php\/author\/cbtap\/\">CBTAP<\/a>\t\t\t<\/span>\r\n\t\t\t            <span class='date'>\r\n\r\n\t\t\t\t<i class='flaticon-tpg-calendar '><\/i>\t\t\t\t<a href=\"https:\/\/cbtaptemyn.com\/index.php\/2023\/05\/19\/\">\r\n\t\t\t\t\tmayo 19, 2023\t\t\t\t<\/a>\r\n\t\t\t<\/span>\r\n\t\t\t            <span class='categories-links'>\r\n\t\t\t\t<i class='flaticon-tpg-folder '><\/i><a class=\"capacitacion\" href=\"https:\/\/cbtaptemyn.com\/index.php\/category\/capacitacion\/\">Capacitaci\u00f3n<\/a>\r\n\t\t\t<\/span>\r\n\t\t\t\t\t\t\t<\/div>\r\n\t\t\t\r\n\t\t\t\r\n\t\t\t\t\t<\/div>\r\n\t<\/div>\r\n<\/div>\r\n\r\n<div class=\"rt-col-md-4 rt-col-sm-6 rt-col-xs-12 default rt-grid-item\" data-id=\"1933\">\r\n\t<div class=\"rt-holder tpg-post-holder\">\r\n\t\t<div class=\"rt-detail rt-el-content-wrapper\">\r\n\t\t\t\t\t\t\t<div class=\"rt-img-holder tpg-el-image-wrap has-thumbnail\">\r\n\t\t\t\t\t<a data-id=\"1933\" href=\"https:\/\/cbtaptemyn.com\/index.php\/2023\/05\/19\/sabe-manejar-la-planeacion-estrategica-en-las-areas-de-confeccion-y-textiles\/\" class=\"tpg-post-link\" target=\"_self\">                        <img decoding=\"async\" loading=\"lazy\" src=\"https:\/\/cbtaptemyn.com\/wp-content\/uploads\/2023\/05\/Planeacion1.jpg\"\r\n                             class=\"rt-img-responsive\"\r\n                             width=\"400\"\r\n                             height=\"302\"\r\n                             alt=\"\u00bfSabe manejar la planeaci\u00f3n estrat\u00e9gica en las \u00c1reas de Confecci\u00f3n y Textiles?\">\r\n\t\t\t\t\t\t\r\n\t\t\t\t\t\t\t\r\n\t\t<\/a>\r\n\t\t        <div class=\"overlay grid-hover-content\"><\/div>\r\n\t\t\t\t\t\t<\/div>\r\n\t\t\t\r\n\t\t\t<div class=\"entry-title-wrapper\">        <div class=\"tpg-separate-category style1 top_left cat-above-title\">\r\n\t\t\t<span class='categories-links'>\r\n\t\t\t\t\t\t<a class=\"capacitacion\" href=\"https:\/\/cbtaptemyn.com\/index.php\/category\/capacitacion\/\">Capacitaci\u00f3n<\/a>\t\t\t<\/span>\r\n        <\/div>\r\n\t\t<h3 class=\"entry-title\"><a data-id=\"1933\" href=\"https:\/\/cbtaptemyn.com\/index.php\/2023\/05\/19\/sabe-manejar-la-planeacion-estrategica-en-las-areas-de-confeccion-y-textiles\/\" class=\"tpg-post-link\" target=\"_self\">\u00bfSabe manejar la planeaci\u00f3n estrat\u00e9gica en las \u00c1reas de Confecci\u00f3n y Textiles?<\/a><\/h3><\/div>\r\n\t\t\t\t\t\t\t<div class=\"post-meta-tags rt-el-post-meta\">\r\n\t\t\t\t\t            <span class='author '>\r\n\r\n\t\t\t\t<i class='flaticon-tpg-user '><\/i><span class='author-prefix'>By<\/span><a href=\"https:\/\/cbtaptemyn.com\/index.php\/author\/cbtap\/\">CBTAP<\/a>\t\t\t<\/span>\r\n\t\t\t            <span class='date'>\r\n\r\n\t\t\t\t<i class='flaticon-tpg-calendar '><\/i>\t\t\t\t<a href=\"https:\/\/cbtaptemyn.com\/index.php\/2023\/05\/19\/\">\r\n\t\t\t\t\tmayo 19, 2023\t\t\t\t<\/a>\r\n\t\t\t<\/span>\r\n\t\t\t            <span class='categories-links'>\r\n\t\t\t\t<i class='flaticon-tpg-folder '><\/i><a class=\"capacitacion\" href=\"https:\/\/cbtaptemyn.com\/index.php\/category\/capacitacion\/\">Capacitaci\u00f3n<\/a>\r\n\t\t\t<\/span>\r\n\t\t\t\t\t\t\t<\/div>\r\n\t\t\t\r\n\t\t\t\r\n\t\t\t\t\t<\/div>\r\n\t<\/div>\r\n<\/div>\r\n            <\/div>\r\n\t\t\t\r\n        <\/div>\r\n\t\t\t\t<\/div>\n\t\t\t\t<\/div>\n\t\t\t\t\t<\/div>\n\t\t<\/div>\n\t\t\t\t<div class=\"elementor-column elementor-col-33 elementor-top-column elementor-element elementor-element-0ee781c\" data-id=\"0ee781c\" data-element_type=\"column\">\n\t\t\t<div class=\"elementor-widget-wrap elementor-element-populated\">\n\t\t\t\t\t\t\t\t<div class=\"elementor-element elementor-element-78bf5b5 elementor-widget elementor-widget-heading\" data-id=\"78bf5b5\" data-element_type=\"widget\" data-widget_type=\"heading.default\">\n\t\t\t\t<div class=\"elementor-widget-container\">\n\t\t\t<style>\/*! elementor - v3.13.1 - 09-05-2023 *\/\n.elementor-heading-title{padding:0;margin:0;line-height:1}.elementor-widget-heading .elementor-heading-title[class*=elementor-size-]>a{color:inherit;font-size:inherit;line-height:inherit}.elementor-widget-heading .elementor-heading-title.elementor-size-small{font-size:15px}.elementor-widget-heading .elementor-heading-title.elementor-size-medium{font-size:19px}.elementor-widget-heading .elementor-heading-title.elementor-size-large{font-size:29px}.elementor-widget-heading .elementor-heading-title.elementor-size-xl{font-size:39px}.elementor-widget-heading .elementor-heading-title.elementor-size-xxl{font-size:59px}<\/style><h2 class=\"elementor-heading-title elementor-size-default\">S\u00edguenos<\/h2>\t\t<\/div>\n\t\t\t\t<\/div>\n\t\t\t\t<div class=\"elementor-element elementor-element-3871eac elementor-shape-square elementor-grid-2 e-grid-align-left tpg-social elementor-widget elementor-widget-social-icons\" data-id=\"3871eac\" data-element_type=\"widget\" data-widget_type=\"social-icons.default\">\n\t\t\t\t<div class=\"elementor-widget-container\">\n\t\t\t<style>\/*! elementor - v3.13.1 - 09-05-2023 *\/\n.elementor-widget-social-icons.elementor-grid-0 .elementor-widget-container,.elementor-widget-social-icons.elementor-grid-mobile-0 .elementor-widget-container,.elementor-widget-social-icons.elementor-grid-tablet-0 .elementor-widget-container{line-height:1;font-size:0}.elementor-widget-social-icons:not(.elementor-grid-0):not(.elementor-grid-tablet-0):not(.elementor-grid-mobile-0) .elementor-grid{display:inline-grid}.elementor-widget-social-icons .elementor-grid{grid-column-gap:var(--grid-column-gap,5px);grid-row-gap:var(--grid-row-gap,5px);grid-template-columns:var(--grid-template-columns);justify-content:var(--justify-content,center);justify-items:var(--justify-content,center)}.elementor-icon.elementor-social-icon{font-size:var(--icon-size,25px);line-height:var(--icon-size,25px);width:calc(var(--icon-size, 25px) + (2 * var(--icon-padding, .5em)));height:calc(var(--icon-size, 25px) + (2 * var(--icon-padding, .5em)))}.elementor-social-icon{--e-social-icon-icon-color:#fff;display:inline-flex;background-color:#69727d;align-items:center;justify-content:center;text-align:center;cursor:pointer}.elementor-social-icon i{color:var(--e-social-icon-icon-color)}.elementor-social-icon svg{fill:var(--e-social-icon-icon-color)}.elementor-social-icon:last-child{margin:0}.elementor-social-icon:hover{opacity:.9;color:#fff}.elementor-social-icon-android{background-color:#a4c639}.elementor-social-icon-apple{background-color:#999}.elementor-social-icon-behance{background-color:#1769ff}.elementor-social-icon-bitbucket{background-color:#205081}.elementor-social-icon-codepen{background-color:#000}.elementor-social-icon-delicious{background-color:#39f}.elementor-social-icon-deviantart{background-color:#05cc47}.elementor-social-icon-digg{background-color:#005be2}.elementor-social-icon-dribbble{background-color:#ea4c89}.elementor-social-icon-elementor{background-color:#d30c5c}.elementor-social-icon-envelope{background-color:#ea4335}.elementor-social-icon-facebook,.elementor-social-icon-facebook-f{background-color:#3b5998}.elementor-social-icon-flickr{background-color:#0063dc}.elementor-social-icon-foursquare{background-color:#2d5be3}.elementor-social-icon-free-code-camp,.elementor-social-icon-freecodecamp{background-color:#006400}.elementor-social-icon-github{background-color:#333}.elementor-social-icon-gitlab{background-color:#e24329}.elementor-social-icon-globe{background-color:#69727d}.elementor-social-icon-google-plus,.elementor-social-icon-google-plus-g{background-color:#dd4b39}.elementor-social-icon-houzz{background-color:#7ac142}.elementor-social-icon-instagram{background-color:#262626}.elementor-social-icon-jsfiddle{background-color:#487aa2}.elementor-social-icon-link{background-color:#818a91}.elementor-social-icon-linkedin,.elementor-social-icon-linkedin-in{background-color:#0077b5}.elementor-social-icon-medium{background-color:#00ab6b}.elementor-social-icon-meetup{background-color:#ec1c40}.elementor-social-icon-mixcloud{background-color:#273a4b}.elementor-social-icon-odnoklassniki{background-color:#f4731c}.elementor-social-icon-pinterest{background-color:#bd081c}.elementor-social-icon-product-hunt{background-color:#da552f}.elementor-social-icon-reddit{background-color:#ff4500}.elementor-social-icon-rss{background-color:#f26522}.elementor-social-icon-shopping-cart{background-color:#4caf50}.elementor-social-icon-skype{background-color:#00aff0}.elementor-social-icon-slideshare{background-color:#0077b5}.elementor-social-icon-snapchat{background-color:#fffc00}.elementor-social-icon-soundcloud{background-color:#f80}.elementor-social-icon-spotify{background-color:#2ebd59}.elementor-social-icon-stack-overflow{background-color:#fe7a15}.elementor-social-icon-steam{background-color:#00adee}.elementor-social-icon-stumbleupon{background-color:#eb4924}.elementor-social-icon-telegram{background-color:#2ca5e0}.elementor-social-icon-thumb-tack{background-color:#1aa1d8}.elementor-social-icon-tripadvisor{background-color:#589442}.elementor-social-icon-tumblr{background-color:#35465c}.elementor-social-icon-twitch{background-color:#6441a5}.elementor-social-icon-twitter{background-color:#1da1f2}.elementor-social-icon-viber{background-color:#665cac}.elementor-social-icon-vimeo{background-color:#1ab7ea}.elementor-social-icon-vk{background-color:#45668e}.elementor-social-icon-weibo{background-color:#dd2430}.elementor-social-icon-weixin{background-color:#31a918}.elementor-social-icon-whatsapp{background-color:#25d366}.elementor-social-icon-wordpress{background-color:#21759b}.elementor-social-icon-xing{background-color:#026466}.elementor-social-icon-yelp{background-color:#af0606}.elementor-social-icon-youtube{background-color:#cd201f}.elementor-social-icon-500px{background-color:#0099e5}.elementor-shape-rounded .elementor-icon.elementor-social-icon{border-radius:10%}.elementor-shape-circle .elementor-icon.elementor-social-icon{border-radius:50%}<\/style>\t\t<div class=\"elementor-social-icons-wrapper elementor-grid\">\n\t\t\t\t\t\t\t<span class=\"elementor-grid-item\">\n\t\t\t\t\t<a class=\"elementor-icon elementor-social-icon elementor-social-icon-facebook elementor-repeater-item-60b6553\" href=\"https:\/\/www.facebook.com\/asesoriatemyn\" target=\"_blank\">\n\t\t\t\t\t\t<span class=\"elementor-screen-only\">Facebook<\/span>\n\t\t\t\t\t\t<i class=\"fab fa-facebook\"><\/i>\t\t\t\t\t<\/a>\n\t\t\t\t<\/span>\n\t\t\t\t\t\t\t<span class=\"elementor-grid-item\">\n\t\t\t\t\t<a class=\"elementor-icon elementor-social-icon elementor-social-icon-youtube elementor-repeater-item-f1ddd17\" href=\"https:\/\/www.youtube.com\/@temyningmiguelbarrios960\" target=\"_blank\">\n\t\t\t\t\t\t<span class=\"elementor-screen-only\">Youtube<\/span>\n\t\t\t\t\t\t<i class=\"fab fa-youtube\"><\/i>\t\t\t\t\t<\/a>\n\t\t\t\t<\/span>\n\t\t\t\t\t<\/div>\n\t\t\t\t<\/div>\n\t\t\t\t<\/div>\n\t\t\t\t<div class=\"elementor-element elementor-element-188114e elementor-widget elementor-widget-image\" data-id=\"188114e\" data-element_type=\"widget\" data-widget_type=\"image.default\">\n\t\t\t\t<div class=\"elementor-widget-container\">\n\t\t\t<style>\/*! elementor - v3.13.1 - 09-05-2023 *\/\n.elementor-widget-image{text-align:center}.elementor-widget-image a{display:inline-block}.elementor-widget-image a img[src$=\".svg\"]{width:48px}.elementor-widget-image img{vertical-align:middle;display:inline-block}<\/style>\t\t\t\t\t\t\t\t\t\t\t\t<img decoding=\"async\" width=\"500\" height=\"500\" src=\"https:\/\/cbtaptemyn.com\/wp-content\/uploads\/2023\/05\/cbtap-transparente-260x260.png\" class=\"attachment-large size-large wp-image-1817\" alt=\"\" loading=\"lazy\" srcset=\"https:\/\/cbtaptemyn.com\/wp-content\/uploads\/2023\/05\/cbtap-transparente.png 1x, http:\/\/cbtaptemyn.com\/wp-content\/uploads\/2022\/08\/Logo.png 2x\" \/>\t\t\t\t\t\t\t\t\t\t\t\t\t\t\t<\/div>\n\t\t\t\t<\/div>\n\t\t\t\t\t<\/div>\n\t\t<\/div>\n\t\t\t\t\t\t\t<\/div>\n\t\t<\/section>\n\t\t\t\t\t\t\t<\/div>\n\t\t","protected":false},"excerpt":{"rendered":"<p>\u00daltimas entradas Capacitaci\u00f3n Ya tenemos la Moda, y ahora \u00bfc\u00f3mo la debemos producir? ByCBTAP mayo 19, 2023 Capacitaci\u00f3n Capacitaci\u00f3n INDICADORES PARA LOS HIJOS DE EMPRESARIOS, EN EL CONTROL R\u00c1PIDO DEL NEGOCIO ByCBTAP mayo 19, 2023 Capacitaci\u00f3n Capacitaci\u00f3n \u00bfSabe manejar la planeaci\u00f3n estrat\u00e9gica en las \u00c1reas de Confecci\u00f3n y Textiles? ByCBTAP mayo 19, 2023 Capacitaci\u00f3n S\u00edguenos &hellip;<\/p>\n<p class=\"read-more\"> <a class=\"\" href=\"https:\/\/cbtaptemyn.com\/index.php\/2023\/05\/19\/sabe-manejar-la-planeacion-estrategica-en-las-areas-de-confeccion-y-textiles\/\"> <span class=\"screen-reader-text\">\u00bfSabe manejar la planeaci\u00f3n estrat\u00e9gica en las \u00c1reas de Confecci\u00f3n y Textiles?<\/span> Leer m\u00e1s &raquo;<\/a><\/p>\n","protected":false},"author":1,"featured_media":0,"parent":0,"menu_order":0,"comment_status":"closed","ping_status":"closed","template":"","meta":{"_eb_attr":"","site-sidebar-layout":"no-sidebar","site-content-layout":"page-builder","ast-global-header-display":"","ast-banner-title-visibility":"","ast-main-header-display":"","ast-hfb-above-header-display":"","ast-hfb-below-header-display":"","ast-hfb-mobile-header-display":"","site-post-title":"disabled","ast-breadcrumbs-content":"","ast-featured-img":"disabled","footer-sml-layout":"","theme-transparent-header-meta":"","adv-header-id-meta":"","stick-header-meta":"","header-above-stick-meta":"","header-main-stick-meta":"","header-below-stick-meta":""},"rttpg_featured_image_url":null,"rttpg_author":{"display_name":"angelbarriosmx@gmail.com","author_link":"https:\/\/cbtaptemyn.com\/index.php\/author\/angelbarriosmxgmail-com\/"},"rttpg_comment":0,"rttpg_category":"","rttpg_excerpt":"\u00daltimas entradas Capacitaci\u00f3n Ya tenemos la Moda, y ahora \u00bfc\u00f3mo la debemos producir? ByCBTAP mayo 19, 2023 Capacitaci\u00f3n Capacitaci\u00f3n INDICADORES PARA LOS HIJOS DE EMPRESARIOS, EN EL CONTROL R\u00c1PIDO DEL NEGOCIO ByCBTAP mayo 19, 2023 Capacitaci\u00f3n Capacitaci\u00f3n \u00bfSabe manejar la planeaci\u00f3n estrat\u00e9gica en las \u00c1reas de Confecci\u00f3n y Textiles? ByCBTAP mayo 19, 2023 Capacitaci\u00f3n S\u00edguenos&hellip;","_links":{"self":[{"href":"https:\/\/cbtaptemyn.com\/index.php\/wp-json\/wp\/v2\/pages\/32"}],"collection":[{"href":"https:\/\/cbtaptemyn.com\/index.php\/wp-json\/wp\/v2\/pages"}],"about":[{"href":"https:\/\/cbtaptemyn.com\/index.php\/wp-json\/wp\/v2\/types\/page"}],"author":[{"embeddable":true,"href":"https:\/\/cbtaptemyn.com\/index.php\/wp-json\/wp\/v2\/users\/1"}],"replies":[{"embeddable":true,"href":"https:\/\/cbtaptemyn.com\/index.php\/wp-json\/wp\/v2\/comments?post=32"}],"version-history":[{"count":9,"href":"https:\/\/cbtaptemyn.com\/index.php\/wp-json\/wp\/v2\/pages\/32\/revisions"}],"predecessor-version":[{"id":1944,"href":"https:\/\/cbtaptemyn.com\/index.php\/wp-json\/wp\/v2\/pages\/32\/revisions\/1944"}],"wp:attachment":[{"href":"https:\/\/cbtaptemyn.com\/index.php\/wp-json\/wp\/v2\/media?parent=32"}],"curies":[{"name":"wp","href":"https:\/\/api.w.org\/{rel}","templated":true}]}}